{"id":397,"date":"2026-03-17T07:42:41","date_gmt":"2026-03-17T10:42:41","guid":{"rendered":"https:\/\/mediumblue-salmon-613977.hostingersite.com\/index.php\/about\/"},"modified":"2026-03-17T22:59:12","modified_gmt":"2026-03-18T01:59:12","slug":"acerca-de-mi","status":"publish","type":"page","link":"https:\/\/majograndearte.com.ar\/index.php\/acerca-de-mi\/","title":{"rendered":"acerca de mi"},"content":{"rendered":"\t\t<div data-elementor-type=\"wp-page\" data-elementor-id=\"397\" class=\"elementor elementor-397\" data-elementor-post-type=\"page\">\n\t\t\t\t\t\t<section class=\"elementor-section elementor-top-section elementor-element elementor-element-ba38b0c elementor-section-boxed elementor-section-height-default elementor-section-height-default\" data-id=\"ba38b0c\" data-element_type=\"section\" data-e-type=\"section\">\n\t\t\t\t\t\t<div class=\"elementor-container elementor-column-gap-no\">\n\t\t\t\t\t<div class=\"elementor-column elementor-col-100 elementor-top-column elementor-element elementor-element-3e1967f\" data-id=\"3e1967f\" data-element_type=\"column\" data-e-type=\"column\">\n\t\t\t<div class=\"elementor-widget-wrap elementor-element-populated\">\n\t\t\t\t\t\t<div class=\"elementor-element elementor-element-281a995 elementor-widget elementor-widget-heading\" data-id=\"281a995\" data-element_type=\"widget\" data-e-type=\"widget\" data-widget_type=\"heading.default\">\n\t\t\t\t<div class=\"elementor-widget-container\">\n\t\t\t\t\t<h2 class=\"elementor-heading-title elementor-size-default\">Acerca de mi<\/h2>\t\t\t\t<\/div>\n\t\t\t\t<\/div>\n\t\t\t\t<section class=\"elementor-section elementor-inner-section elementor-element elementor-element-cff6f7e elementor-section-boxed elementor-section-height-default elementor-section-height-default\" data-id=\"cff6f7e\" data-element_type=\"section\" data-e-type=\"section\">\n\t\t\t\t\t\t<div class=\"elementor-container elementor-column-gap-no\">\n\t\t\t\t\t<div class=\"elementor-column elementor-col-50 elementor-inner-column elementor-element elementor-element-17bc25d\" data-id=\"17bc25d\" data-element_type=\"column\" data-e-type=\"column\" data-settings=\"{&quot;background_background&quot;:&quot;classic&quot;}\">\n\t\t\t<div class=\"elementor-widget-wrap elementor-element-populated\">\n\t\t\t\t\t\t<div class=\"elementor-element elementor-element-009b968 elementor-position-top elementor-widget elementor-widget-image-box\" data-id=\"009b968\" data-element_type=\"widget\" data-e-type=\"widget\" data-widget_type=\"image-box.default\">\n\t\t\t\t<div class=\"elementor-widget-container\">\n\t\t\t\t\t<div class=\"elementor-image-box-wrapper\"><figure class=\"elementor-image-box-img\"><img fetchpriority=\"high\" decoding=\"async\" width=\"1080\" height=\"1632\" src=\"https:\/\/mediumblue-salmon-613977.hostingersite.com\/wp-content\/uploads\/2023\/12\/10.jpg\" class=\"attachment-full size-full wp-image-1050\" alt=\"\" srcset=\"https:\/\/majograndearte.com.ar\/wp-content\/uploads\/2023\/12\/10.jpg 1080w, https:\/\/majograndearte.com.ar\/wp-content\/uploads\/2023\/12\/10-600x907.jpg 600w, https:\/\/majograndearte.com.ar\/wp-content\/uploads\/2023\/12\/10-199x300.jpg 199w, https:\/\/majograndearte.com.ar\/wp-content\/uploads\/2023\/12\/10-678x1024.jpg 678w, https:\/\/majograndearte.com.ar\/wp-content\/uploads\/2023\/12\/10-768x1161.jpg 768w, https:\/\/majograndearte.com.ar\/wp-content\/uploads\/2023\/12\/10-1016x1536.jpg 1016w\" sizes=\"(max-width: 1080px) 100vw, 1080px\" \/><\/figure><div class=\"elementor-image-box-content\"><h4 class=\"elementor-image-box-title\">Maria Jose Grande<\/h4><p class=\"elementor-image-box-description\">Artista Plastica y Musical<\/p><\/div><\/div>\t\t\t\t<\/div>\n\t\t\t\t<\/div>\n\t\t\t\t<div class=\"elementor-element elementor-element-da045b6 e-grid-align-left elementor-shape-rounded elementor-grid-0 elementor-widget elementor-widget-social-icons\" data-id=\"da045b6\" data-element_type=\"widget\" data-e-type=\"widget\" data-widget_type=\"social-icons.default\">\n\t\t\t\t<div class=\"elementor-widget-container\">\n\t\t\t\t\t\t\t<div class=\"elementor-social-icons-wrapper elementor-grid\" role=\"list\">\n\t\t\t\t\t\t\t<span class=\"elementor-grid-item\" role=\"listitem\">\n\t\t\t\t\t<a class=\"elementor-icon elementor-social-icon elementor-social-icon-facebook elementor-repeater-item-0135f7b\" href=\"https:\/\/www.facebook.com\/majograndearte\" target=\"_blank\">\n\t\t\t\t\t\t<span class=\"elementor-screen-only\">Facebook<\/span>\n\t\t\t\t\t\t<svg aria-hidden=\"true\" class=\"e-font-icon-svg e-fab-facebook\" viewBox=\"0 0 512 512\" xmlns=\"http:\/\/www.w3.org\/2000\/svg\"><path d=\"M504 256C504 119 393 8 256 8S8 119 8 256c0 123.78 90.69 226.38 209.25 245V327.69h-63V256h63v-54.64c0-62.15 37-96.48 93.67-96.48 27.14 0 55.52 4.84 55.52 4.84v61h-31.28c-30.8 0-40.41 19.12-40.41 38.73V256h68.78l-11 71.69h-57.78V501C413.31 482.38 504 379.78 504 256z\"><\/path><\/svg>\t\t\t\t\t<\/a>\n\t\t\t\t<\/span>\n\t\t\t\t\t\t\t<span class=\"elementor-grid-item\" role=\"listitem\">\n\t\t\t\t\t<a class=\"elementor-icon elementor-social-icon elementor-social-icon-instagram elementor-repeater-item-77c9b55\" href=\"https:\/\/www.instagram.com\/majograndearte\/\" target=\"_blank\">\n\t\t\t\t\t\t<span class=\"elementor-screen-only\">Instagram<\/span>\n\t\t\t\t\t\t<svg aria-hidden=\"true\" class=\"e-font-icon-svg e-fab-instagram\" viewBox=\"0 0 448 512\" xmlns=\"http:\/\/www.w3.org\/2000\/svg\"><path d=\"M224.1 141c-63.6 0-114.9 51.3-114.9 114.9s51.3 114.9 114.9 114.9S339 319.5 339 255.9 287.7 141 224.1 141zm0 189.6c-41.1 0-74.7-33.5-74.7-74.7s33.5-74.7 74.7-74.7 74.7 33.5 74.7 74.7-33.6 74.7-74.7 74.7zm146.4-194.3c0 14.9-12 26.8-26.8 26.8-14.9 0-26.8-12-26.8-26.8s12-26.8 26.8-26.8 26.8 12 26.8 26.8zm76.1 27.2c-1.7-35.9-9.9-67.7-36.2-93.9-26.2-26.2-58-34.4-93.9-36.2-37-2.1-147.9-2.1-184.9 0-35.8 1.7-67.6 9.9-93.9 36.1s-34.4 58-36.2 93.9c-2.1 37-2.1 147.9 0 184.9 1.7 35.9 9.9 67.7 36.2 93.9s58 34.4 93.9 36.2c37 2.1 147.9 2.1 184.9 0 35.9-1.7 67.7-9.9 93.9-36.2 26.2-26.2 34.4-58 36.2-93.9 2.1-37 2.1-147.8 0-184.8zM398.8 388c-7.8 19.6-22.9 34.7-42.6 42.6-29.5 11.7-99.5 9-132.1 9s-102.7 2.6-132.1-9c-19.6-7.8-34.7-22.9-42.6-42.6-11.7-29.5-9-99.5-9-132.1s-2.6-102.7 9-132.1c7.8-19.6 22.9-34.7 42.6-42.6 29.5-11.7 99.5-9 132.1-9s102.7-2.6 132.1 9c19.6 7.8 34.7 22.9 42.6 42.6 11.7 29.5 9 99.5 9 132.1s2.7 102.7-9 132.1z\"><\/path><\/svg>\t\t\t\t\t<\/a>\n\t\t\t\t<\/span>\n\t\t\t\t\t\t\t<span class=\"elementor-grid-item\" role=\"listitem\">\n\t\t\t\t\t<a class=\"elementor-icon elementor-social-icon elementor-social-icon-youtube elementor-repeater-item-d16ccf4\" href=\"https:\/\/www.youtube.com\/@majograndearte\" target=\"_blank\">\n\t\t\t\t\t\t<span class=\"elementor-screen-only\">Youtube<\/span>\n\t\t\t\t\t\t<svg aria-hidden=\"true\" class=\"e-font-icon-svg e-fab-youtube\" viewBox=\"0 0 576 512\" xmlns=\"http:\/\/www.w3.org\/2000\/svg\"><path d=\"M549.655 124.083c-6.281-23.65-24.787-42.276-48.284-48.597C458.781 64 288 64 288 64S117.22 64 74.629 75.486c-23.497 6.322-42.003 24.947-48.284 48.597-11.412 42.867-11.412 132.305-11.412 132.305s0 89.438 11.412 132.305c6.281 23.65 24.787 41.5 48.284 47.821C117.22 448 288 448 288 448s170.78 0 213.371-11.486c23.497-6.321 42.003-24.171 48.284-47.821 11.412-42.867 11.412-132.305 11.412-132.305s0-89.438-11.412-132.305zm-317.51 213.508V175.185l142.739 81.205-142.739 81.201z\"><\/path><\/svg>\t\t\t\t\t<\/a>\n\t\t\t\t<\/span>\n\t\t\t\t\t<\/div>\n\t\t\t\t\t\t<\/div>\n\t\t\t\t<\/div>\n\t\t\t\t\t<\/div>\n\t\t<\/div>\n\t\t\t\t<div class=\"elementor-column elementor-col-50 elementor-inner-column elementor-element elementor-element-28b28de\" data-id=\"28b28de\" data-element_type=\"column\" data-e-type=\"column\">\n\t\t\t<div class=\"elementor-widget-wrap elementor-element-populated\">\n\t\t\t\t\t\t<div class=\"elementor-element elementor-element-2a6fb3a elementor-widget elementor-widget-text-editor\" data-id=\"2a6fb3a\" data-element_type=\"widget\" data-e-type=\"widget\" data-widget_type=\"text-editor.default\">\n\t\t\t\t<div class=\"elementor-widget-container\">\n\t\t\t\t\t\t\t\t\t<div class=\"x1yztbdb\"><div class=\"x78zum5 x1n2onr6 xh8yej3\"><div class=\"x9f619 x1n2onr6 x1ja2u2z x2bj2ny x1qpq9i9 xdney7k xu5ydu1 xt3gfkd xh8yej3 x6ikm8r x10wlt62 xquyuld\"><div class=\"x78zum5 x19xhxss\"><div class=\"x1iyjqo2\"><div class=\"xyamay9 xqmdsaz x1gan7if x1swvt13\"><div class=\"\"><div class=\"xat24cr\"><div class=\"x13faqbe x78zum5 xdt5ytf\"><div class=\"x9f619 x1n2onr6 x1ja2u2z x78zum5 x1nhvcw1 x1qjc9v5 xozqiw3 x1q0g3np xexx8yu xykv574 xbmpl8g x4cne27 xifccgj xs83m0k\"><div class=\"x9f619 x1n2onr6 x1ja2u2z x78zum5 xdt5ytf x193iq5w xeuugli x1r8uery x1iyjqo2 xs83m0k xamitd3 xsyo7zv x16hj40l x10b6aqq x1yrsyyn\"><div class=\"\"><div class=\"x9f619 x1n2onr6 x1ja2u2z x78zum5 x2lah0s x1qughib x1qjc9v5 xozqiw3 x1q0g3np xexx8yu xykv574 xbmpl8g x4cne27 xifccgj\"><div class=\"x9f619 x1n2onr6 x1ja2u2z x78zum5 xdt5ytf x2lah0s x193iq5w xeuugli xsyo7zv x16hj40l x10b6aqq x1yrsyyn\"><div class=\"x78zum5 xdt5ytf xz62fqu x16ldp7u\"><div class=\"xu06os2 x1ok221b\"><div>Mar\u00eda Jos\u00e9 Grande es una artista que desde temprana edad tuvo un especial inter\u00e9s en el mundo de las artes pl\u00e1sticas.<\/div><div>Se form\u00f3 en talleres de reconocidos artistas y tambi\u00e9n de forma autodidacta.<\/div><div>Su pasi\u00f3n por el dibujo y la pintura la llev\u00f3 a experimentar con los colores y las formas inspirada en una mirada juvenil y alegre de la vida. Sus viajes por Europa fueron el puntapi\u00e9 inicial de su carrera art\u00edstica. Su trabajo se basa en obras populares creando en los mismos un sello propio.<\/div><div>La artista emplea colores saturados, destacando el uso de colores fl\u00fao, focalizando el inter\u00e9s por crear un ambiente contempor\u00e1neo y optimista.<\/div><div>\u201cMi pasi\u00f3n es el arte, porque nos humaniza, es una forma diferente de comunicarnos en la cual obtenemos beneficios f\u00edsicos, mentales, y espirituales.<\/div><div>Mis obras buscan expresar felicidad, jovialidad ,calidez, fuerza, optimismo\u201d.<\/div><div>\u00a0<\/div><div>Es de nacionalidad argentina-espa\u00f1ola, Lic. en Comercio Exterior y Marketing Empresarial, adem\u00e1s de haber estudiado todos los niveles del idioma ingl\u00e9s en la Academia Brit\u00e1nica. Desde temprana edad asisti\u00f3 a Taller de Arte particular, en el barrio de Barracas, C.A.B.A. Posteriormente y hasta la fecha, concurre al Taller de Artes Aplicadas (Pintura, Arte decorativo y Objetos, Cl\u00ednica de Obra) de la Artista Pl\u00e1stica Sra. Graciela Bovetti, quien tambi\u00e9n es T\u00e9cnica en Direcci\u00f3n en Restauraci\u00f3n, Profesora en UNA. En este mismo taller, realiz\u00f3 Seminario de Acuarelas. Actualmente tambi\u00e9n asiste a la Productora \u00abEl Bondi Creaciones\u00bb, donde estudi\u00f3 canto con la Sra. Laura Vidal, (Directora de Teatro Musical, Profesora de canto, actriz y cantante, junto al Sr. Federico Fedele).<\/div><div>\u00a0<\/div><\/div><\/div><\/div><\/div><\/div><\/div><\/div><\/div><\/div><\/div><\/div><\/div><\/div><\/div><\/div><\/div>\t\t\t\t\t\t\t\t<\/div>\n\t\t\t\t<\/div>\n\t\t\t\t<div class=\"elementor-element elementor-element-1fef20d elementor-widget__width-auto elementor-view-default elementor-widget elementor-widget-icon\" data-id=\"1fef20d\" data-element_type=\"widget\" data-e-type=\"widget\" data-widget_type=\"icon.default\">\n\t\t\t\t<div class=\"elementor-widget-container\">\n\t\t\t\t\t\t\t<div class=\"elementor-icon-wrapper\">\n\t\t\t<div class=\"elementor-icon\">\n\t\t\t<svg aria-hidden=\"true\" class=\"e-font-icon-svg e-fas-quote-left\" viewBox=\"0 0 512 512\" xmlns=\"http:\/\/www.w3.org\/2000\/svg\"><path d=\"M464 256h-80v-64c0-35.3 28.7-64 64-64h8c13.3 0 24-10.7 24-24V56c0-13.3-10.7-24-24-24h-8c-88.4 0-160 71.6-160 160v240c0 26.5 21.5 48 48 48h128c26.5 0 48-21.5 48-48V304c0-26.5-21.5-48-48-48zm-288 0H96v-64c0-35.3 28.7-64 64-64h8c13.3 0 24-10.7 24-24V56c0-13.3-10.7-24-24-24h-8C71.6 32 0 103.6 0 192v240c0 26.5 21.5 48 48 48h128c26.5 0 48-21.5 48-48V304c0-26.5-21.5-48-48-48z\"><\/path><\/svg>\t\t\t<\/div>\n\t\t<\/div>\n\t\t\t\t\t\t<\/div>\n\t\t\t\t<\/div>\n\t\t\t\t<div class=\"elementor-element elementor-element-3b5c3e8 elementor-widget elementor-widget-heading\" data-id=\"3b5c3e8\" data-element_type=\"widget\" data-e-type=\"widget\" data-widget_type=\"heading.default\">\n\t\t\t\t<div class=\"elementor-widget-container\">\n\t\t\t\t\t<div class=\"elementor-heading-title elementor-size-default\">Actualmente contin\u00faa con la Sra. Lucia Berraud, quien es cantante, actriz y vocal coach de la misma Productora. Particip\u00f3 en shows musicales: Teatro Gargantua, Teatro M\u00e9todo Kairos (Barrio de Palermo, CABA) y Mitos Argentinos (Barrio de San Telmo, CABA), Tambien participo en el Templo de la voz, de Patricia Sosa, adem\u00e1s de haber participado de otros eventos privados corporativos y de prensa.<br>Vocal coach 2024 tambi\u00e9n con Marcela Santana que trabaja en el Templo de la Voz de&nbsp;Patricia&nbsp;Sosa.<\/div>\t\t\t\t<\/div>\n\t\t\t\t<\/div>\n\t\t\t\t<div class=\"elementor-element elementor-element-6bfe6ac elementor-widget__width-auto elementor-view-default elementor-widget elementor-widget-icon\" data-id=\"6bfe6ac\" data-element_type=\"widget\" data-e-type=\"widget\" data-widget_type=\"icon.default\">\n\t\t\t\t<div class=\"elementor-widget-container\">\n\t\t\t\t\t\t\t<div class=\"elementor-icon-wrapper\">\n\t\t\t<div class=\"elementor-icon\">\n\t\t\t<svg aria-hidden=\"true\" class=\"e-font-icon-svg e-fas-window-minimize\" viewBox=\"0 0 512 512\" xmlns=\"http:\/\/www.w3.org\/2000\/svg\"><path d=\"M464 352H48c-26.5 0-48 21.5-48 48v32c0 26.5 21.5 48 48 48h416c26.5 0 48-21.5 48-48v-32c0-26.5-21.5-48-48-48z\"><\/path><\/svg>\t\t\t<\/div>\n\t\t<\/div>\n\t\t\t\t\t\t<\/div>\n\t\t\t\t<\/div>\n\t\t\t\t<div class=\"elementor-element elementor-element-0445da4 elementor-widget elementor-widget-heading\" data-id=\"0445da4\" data-element_type=\"widget\" data-e-type=\"widget\" data-widget_type=\"heading.default\">\n\t\t\t\t<div class=\"elementor-widget-container\">\n\t\t\t\t\t<div class=\"elementor-heading-title elementor-size-default\">En 2024, Majo comenz\u00f3 a incursionar con Marino Santa Mar\u00eda, un destacado artista argentino. Reconocido como Personaje Destacado de la Cultura, Marino es famoso por sus coloridas obras en el Pasaje Lan\u00edn, estaciones de subte y la Bombonera. \n\nFue rector de la ENBAPP y, bajo su gesti\u00f3n, se cre\u00f3 la carrera de Profesor Nacional de Dibujo. Adem\u00e1s, en 2022, recibi\u00f3 un Premio Konex por su incre\u00edble labor art\u00edstica en el espacio p\u00fablico. <\/div>\t\t\t\t<\/div>\n\t\t\t\t<\/div>\n\t\t\t\t<div class=\"elementor-element elementor-element-1dc3171 elementor-widget__width-auto elementor-view-default elementor-widget elementor-widget-icon\" data-id=\"1dc3171\" data-element_type=\"widget\" data-e-type=\"widget\" data-widget_type=\"icon.default\">\n\t\t\t\t<div class=\"elementor-widget-container\">\n\t\t\t\t\t\t\t<div class=\"elementor-icon-wrapper\">\n\t\t\t<div class=\"elementor-icon\">\n\t\t\t<svg aria-hidden=\"true\" class=\"e-font-icon-svg e-fas-quote-right\" viewBox=\"0 0 512 512\" xmlns=\"http:\/\/www.w3.org\/2000\/svg\"><path d=\"M464 32H336c-26.5 0-48 21.5-48 48v128c0 26.5 21.5 48 48 48h80v64c0 35.3-28.7 64-64 64h-8c-13.3 0-24 10.7-24 24v48c0 13.3 10.7 24 24 24h8c88.4 0 160-71.6 160-160V80c0-26.5-21.5-48-48-48zm-288 0H48C21.5 32 0 53.5 0 80v128c0 26.5 21.5 48 48 48h80v64c0 35.3-28.7 64-64 64h-8c-13.3 0-24 10.7-24 24v48c0 13.3 10.7 24 24 24h8c88.4 0 160-71.6 160-160V80c0-26.5-21.5-48-48-48z\"><\/path><\/svg>\t\t\t<\/div>\n\t\t<\/div>\n\t\t\t\t\t\t<\/div>\n\t\t\t\t<\/div>\n\t\t\t\t\t<\/div>\n\t\t<\/div>\n\t\t\t\t\t<\/div>\n\t\t<\/section>\n\t\t\t\t<div class=\"elementor-element elementor-element-4c55526 elementor-widget__width-initial elementor-widget elementor-widget-heading\" data-id=\"4c55526\" data-element_type=\"widget\" data-e-type=\"widget\" data-widget_type=\"heading.default\">\n\t\t\t\t<div class=\"elementor-widget-container\">\n\t\t\t\t\t<h4 class=\"elementor-heading-title elementor-size-default\">MIS OBRAS DE ARTE<br><br>AMORES ETERNOS<br>BELLIS PERENNIS BRILLANTE\nLAS LAGRIMAS DORADAS\nAIRES AUSTRIACOS 3\nBOSQUE ENCANTADO\nBEATIFUL PINK\nCARNAVALES DE VENECIA\nAIRES AUSTRIACOS 1\nPARIS-AMOR-COLOR\nTODOS LOS CAMINOS CONDUCEN A ROMA\nMARAVILLAS DEL MUNDO\nDORADOS AL VIENTO\nTRABAJANDO EN EL PUERTO DE LA BOCA\nDESTELLOS DE LUZ\nAIRES AUSTRIACOS 2\nFRIDA\nPINCELADAS MAGICAS\nLLUVIA DE COLORES\nTREE MAN VASE\nLA ALEGRIA DE BRASIL\nCUBISMO PSICODELICO\nNATURALEZA MUERTA\nLA NOCHE ESTRELLADA\nEL ARBOL DE LA VIDA\nNOCHE ROMANTICA MULTICOLOR\nNENUFARES\nFELICIDAD EN LA SATURACION DEL COLOR\nFLORES SALVAJES\nPENSANDO EN POLLOCK\nMAGICOS CANALES DE AMSTERDAM\nEVOCANDO A LA EXPECTACION\nPARIS DE MIS SUE\u00d1OS\nDELIRIOS DE ESPERANZA EXTREMA\nBELLEZAS QUE ENAMORAN\nLIBERTAD EMOCIONAL, (VERSION NAIF)\nPERPETUA VIRGINIDAD\nLONDRES POP\nVUELTA POR EL UNIVERSO\nLA INMESIDAD DEL MAR\nEL PARAISO\nVENGO DE LOS RIOS QUE DAN AL MAR<\/h4>\t\t\t\t<\/div>\n\t\t\t\t<\/div>\n\t\t\t\t\t<\/div>\n\t\t<\/div>\n\t\t\t\t\t<\/div>\n\t\t<\/section>\n\t\t\t\t<\/div>\n\t\t","protected":false},"excerpt":{"rendered":"<p>Acerca de mi Maria Jose Grande Artista Plastica y Musical Facebook Instagram Youtube Mar\u00eda Jos\u00e9 Grande es una artista que desde temprana edad tuvo un especial inter\u00e9s en el mundo de las artes pl\u00e1sticas.Se form\u00f3 en talleres de reconocidos artistas y tambi\u00e9n de forma autodidacta.Su pasi\u00f3n por el dibujo y la pintura la llev\u00f3 a [&hellip;]<\/p>\n","protected":false},"author":1,"featured_media":0,"parent":0,"menu_order":0,"comment_status":"closed","ping_status":"closed","template":"","meta":{"site-sidebar-layout":"no-sidebar","site-content-layout":"page-builder","ast-site-content-layout":"default","site-content-style":"default","site-sidebar-style":"default","ast-global-header-display":"","ast-banner-title-visibility":"","ast-main-header-display":"","ast-hfb-above-header-display":"","ast-hfb-below-header-display":"","ast-hfb-mobile-header-display":"","site-post-title":"disabled","ast-breadcrumbs-content":"disabled","ast-featured-img":"disabled","footer-sml-layout":"","theme-transparent-header-meta":"default","adv-header-id-meta":"","stick-header-meta":"","header-above-stick-meta":"","header-main-stick-meta":"","header-below-stick-meta":"","astra-migrate-meta-layouts":"default","ast-page-background-enabled":"default","ast-page-background-meta":{"desktop":{"background-color":"","background-image":"","background-repeat":"repeat","background-position":"center center","background-size":"auto","background-attachment":"scroll","background-type":"","background-media":"","overlay-type":"","overlay-color":"","overlay-opacity":"","overlay-gradient":""},"tablet":{"background-color":"","background-image":"","background-repeat":"repeat","background-position":"center center","background-size":"auto","background-attachment":"scroll","background-type":"","background-media":"","overlay-type":"","overlay-color":"","overlay-opacity":"","overlay-gradient":""},"mobile":{"background-color":"","background-image":"","background-repeat":"repeat","background-position":"center center","background-size":"auto","background-attachment":"scroll","background-type":"","background-media":"","overlay-type":"","overlay-color":"","overlay-opacity":"","overlay-gradient":""}},"ast-content-background-meta":{"desktop":{"background-color":"var(--ast-global-color-5)","background-image":"","background-repeat":"repeat","background-position":"center center","background-size":"auto","background-attachment":"scroll","background-type":"","background-media":"","overlay-type":"","overlay-color":"","overlay-opacity":"","overlay-gradient":""},"tablet":{"background-color":"var(--ast-global-color-5)","background-image":"","background-repeat":"repeat","background-position":"center center","background-size":"auto","background-attachment":"scroll","background-type":"","background-media":"","overlay-type":"","overlay-color":"","overlay-opacity":"","overlay-gradient":""},"mobile":{"background-color":"var(--ast-global-color-5)","background-image":"","background-repeat":"repeat","background-position":"center center","background-size":"auto","background-attachment":"scroll","background-type":"","background-media":"","overlay-type":"","overlay-color":"","overlay-opacity":"","overlay-gradient":""}},"footnotes":""},"class_list":["post-397","page","type-page","status-publish","hentry"],"_links":{"self":[{"href":"https:\/\/majograndearte.com.ar\/index.php\/wp-json\/wp\/v2\/pages\/397","targetHints":{"allow":["GET"]}}],"collection":[{"href":"https:\/\/majograndearte.com.ar\/index.php\/wp-json\/wp\/v2\/pages"}],"about":[{"href":"https:\/\/majograndearte.com.ar\/index.php\/wp-json\/wp\/v2\/types\/page"}],"author":[{"embeddable":true,"href":"https:\/\/majograndearte.com.ar\/index.php\/wp-json\/wp\/v2\/users\/1"}],"replies":[{"embeddable":true,"href":"https:\/\/majograndearte.com.ar\/index.php\/wp-json\/wp\/v2\/comments?post=397"}],"version-history":[{"count":38,"href":"https:\/\/majograndearte.com.ar\/index.php\/wp-json\/wp\/v2\/pages\/397\/revisions"}],"predecessor-version":[{"id":1503,"href":"https:\/\/majograndearte.com.ar\/index.php\/wp-json\/wp\/v2\/pages\/397\/revisions\/1503"}],"wp:attachment":[{"href":"https:\/\/majograndearte.com.ar\/index.php\/wp-json\/wp\/v2\/media?parent=397"}],"curies":[{"name":"wp","href":"https:\/\/api.w.org\/{rel}","templated":true}]}}